{"id":4050,"date":"2019-12-16T15:46:17","date_gmt":"2019-12-16T15:46:17","guid":{"rendered":"http:\/\/www.academia-americana.org\/wpress\/?page_id=4050"},"modified":"2020-02-21T15:17:42","modified_gmt":"2020-02-21T15:17:42","slug":"media","status":"publish","type":"page","link":"https:\/\/www.academia-americana.org\/wpress\/academico\/media\/","title":{"rendered":"MEDIA"},"content":{"rendered":"\t\t<div data-elementor-type=\"wp-page\" data-elementor-id=\"4050\" class=\"elementor elementor-4050\">\n\t\t\t\t\t\t<section class=\"elementor-section elementor-top-section elementor-element elementor-element-3279708 elementor-section-stretched elementor-section-full_width elementor-section-height-default elementor-section-height-default\" data-id=\"3279708\" data-element_type=\"section\" data-settings=\"{&quot;stretch_section&quot;:&quot;section-stretched&quot;}\">\n\t\t\t\t\t\t<div class=\"elementor-container elementor-column-gap-no\">\n\t\t\t\t\t<div class=\"elementor-column elementor-col-100 elementor-top-column elementor-element elementor-element-b0e2311\" data-id=\"b0e2311\" data-element_type=\"column\">\n\t\t\t<div class=\"elementor-widget-wrap elementor-element-populated\">\n\t\t\t\t\t\t<div class=\"elementor-element elementor-element-04148d6 elementor-widget elementor-widget-image\" data-id=\"04148d6\" data-element_type=\"widget\" data-widget_type=\"image.default\">\n\t\t\t\t<div class=\"elementor-widget-container\">\n\t\t\t\t\t\t\t\t\t\t\t\t\t\t\t<img fetchpriority=\"high\" decoding=\"async\" width=\"1300\" height=\"450\" src=\"https:\/\/www.academia-americana.org\/wpress\/wp-content\/uploads\/2019\/12\/MEDIA1.png\" class=\"attachment-full size-full wp-image-4416\" alt=\"\" srcset=\"https:\/\/www.academia-americana.org\/wpress\/wp-content\/uploads\/2019\/12\/MEDIA1.png 1300w, https:\/\/www.academia-americana.org\/wpress\/wp-content\/uploads\/2019\/12\/MEDIA1-300x104.png 300w, https:\/\/www.academia-americana.org\/wpress\/wp-content\/uploads\/2019\/12\/MEDIA1-1024x354.png 1024w, https:\/\/www.academia-americana.org\/wpress\/wp-content\/uploads\/2019\/12\/MEDIA1-768x266.png 768w\" sizes=\"(max-width: 1300px) 100vw, 1300px\" \/>\t\t\t\t\t\t\t\t\t\t\t\t\t\t\t<\/div>\n\t\t\t\t<\/div>\n\t\t\t\t\t<\/div>\n\t\t<\/div>\n\t\t\t\t\t<\/div>\n\t\t<\/section>\n\t\t\t\t<section class=\"elementor-section elementor-top-section elementor-element elementor-element-6524ac4 elementor-section-stretched elementor-section-full_width elementor-section-height-default elementor-section-height-default\" data-id=\"6524ac4\" data-element_type=\"section\" data-settings=\"{&quot;stretch_section&quot;:&quot;section-stretched&quot;}\">\n\t\t\t\t\t\t<div class=\"elementor-container elementor-column-gap-no\">\n\t\t\t\t\t<div class=\"elementor-column elementor-col-25 elementor-top-column elementor-element elementor-element-28ef78b\" data-id=\"28ef78b\" data-element_type=\"column\">\n\t\t\t<div class=\"elementor-widget-wrap\">\n\t\t\t\t\t\t\t<\/div>\n\t\t<\/div>\n\t\t\t\t<div class=\"elementor-column elementor-col-25 elementor-top-column elementor-element elementor-element-4ffb540\" data-id=\"4ffb540\" data-element_type=\"column\">\n\t\t\t<div class=\"elementor-widget-wrap elementor-element-populated\">\n\t\t\t\t\t\t<div class=\"elementor-element elementor-element-860cac7 elementor-widget elementor-widget-image\" data-id=\"860cac7\" data-element_type=\"widget\" data-widget_type=\"image.default\">\n\t\t\t\t<div class=\"elementor-widget-container\">\n\t\t\t\t\t\t\t\t\t\t\t\t\t\t\t<img decoding=\"async\" width=\"452\" height=\"590\" src=\"https:\/\/www.academia-americana.org\/wpress\/wp-content\/uploads\/2019\/12\/MEDIA-IMAGE-1.png\" class=\"attachment-full size-full wp-image-4421\" alt=\"\" srcset=\"https:\/\/www.academia-americana.org\/wpress\/wp-content\/uploads\/2019\/12\/MEDIA-IMAGE-1.png 452w, https:\/\/www.academia-americana.org\/wpress\/wp-content\/uploads\/2019\/12\/MEDIA-IMAGE-1-230x300.png 230w\" sizes=\"(max-width: 452px) 100vw, 452px\" \/>\t\t\t\t\t\t\t\t\t\t\t\t\t\t\t<\/div>\n\t\t\t\t<\/div>\n\t\t\t\t\t<\/div>\n\t\t<\/div>\n\t\t\t\t<div class=\"elementor-column elementor-col-25 elementor-top-column elementor-element elementor-element-482a4c5\" data-id=\"482a4c5\" data-element_type=\"column\">\n\t\t\t<div class=\"elementor-widget-wrap elementor-element-populated\">\n\t\t\t\t\t\t<div class=\"elementor-element elementor-element-5337f9c elementor-widget elementor-widget-heading\" data-id=\"5337f9c\" data-element_type=\"widget\" data-widget_type=\"heading.default\">\n\t\t\t\t<div class=\"elementor-widget-container\">\n\t\t\t\t\t<h2 class=\"elementor-heading-title elementor-size-default\">MEDIA<\/h2>\t\t\t\t<\/div>\n\t\t\t\t<\/div>\n\t\t\t\t<div class=\"elementor-element elementor-element-e56b4a2 elementor-widget-divider--view-line elementor-widget elementor-widget-divider\" data-id=\"e56b4a2\" data-element_type=\"widget\" data-widget_type=\"divider.default\">\n\t\t\t\t<div class=\"elementor-widget-container\">\n\t\t\t\t\t\t\t<div class=\"elementor-divider\">\n\t\t\t<span class=\"elementor-divider-separator\">\n\t\t\t\t\t\t<\/span>\n\t\t<\/div>\n\t\t\t\t\t\t<\/div>\n\t\t\t\t<\/div>\n\t\t\t\t<div class=\"elementor-element elementor-element-a43a1a9 elementor-widget elementor-widget-text-editor\" data-id=\"a43a1a9\" data-element_type=\"widget\" data-widget_type=\"text-editor.default\">\n\t\t\t\t<div class=\"elementor-widget-container\">\n\t\t\t\t\t\t\t\t\t<p>Nuestros programas acad\u00e9micos en el nivel medio est\u00e1n dise\u00f1ados para incrementar secuencialmente las demandas conceptuales de los estudiantes y as\u00ed lograr que aprendan m\u00e1s e internalicen mejor cada una de las materias.<\/p>\t\t\t\t\t\t\t\t<\/div>\n\t\t\t\t<\/div>\n\t\t\t\t\t<\/div>\n\t\t<\/div>\n\t\t\t\t<div class=\"elementor-column elementor-col-25 elementor-top-column elementor-element elementor-element-b7ec0f6\" data-id=\"b7ec0f6\" data-element_type=\"column\">\n\t\t\t<div class=\"elementor-widget-wrap\">\n\t\t\t\t\t\t\t<\/div>\n\t\t<\/div>\n\t\t\t\t\t<\/div>\n\t\t<\/section>\n\t\t\t\t<section class=\"elementor-section elementor-top-section elementor-element elementor-element-5d0c05b elementor-section-stretched elementor-section-full_width elementor-section-height-default elementor-section-height-default\" data-id=\"5d0c05b\" data-element_type=\"section\" data-settings=\"{&quot;stretch_section&quot;:&quot;section-stretched&quot;,&quot;background_background&quot;:&quot;classic&quot;}\">\n\t\t\t\t\t\t<div class=\"elementor-container elementor-column-gap-no\">\n\t\t\t\t\t<div class=\"elementor-column elementor-col-25 elementor-top-column elementor-element elementor-element-1338b3b\" data-id=\"1338b3b\" data-element_type=\"column\">\n\t\t\t<div class=\"elementor-widget-wrap elementor-element-populated\">\n\t\t\t\t\t\t<div class=\"elementor-element elementor-element-b0b53d7 elementor-widget elementor-widget-image\" data-id=\"b0b53d7\" data-element_type=\"widget\" data-widget_type=\"image.default\">\n\t\t\t\t<div class=\"elementor-widget-container\">\n\t\t\t\t\t\t\t\t\t\t\t\t\t\t\t<img decoding=\"async\" width=\"600\" height=\"400\" src=\"https:\/\/www.academia-americana.org\/wpress\/wp-content\/uploads\/2020\/02\/MINI-BANNER-MEDIA-5.png\" class=\"attachment-full size-full wp-image-6168\" alt=\"\" srcset=\"https:\/\/www.academia-americana.org\/wpress\/wp-content\/uploads\/2020\/02\/MINI-BANNER-MEDIA-5.png 600w, https:\/\/www.academia-americana.org\/wpress\/wp-content\/uploads\/2020\/02\/MINI-BANNER-MEDIA-5-300x200.png 300w\" sizes=\"(max-width: 600px) 100vw, 600px\" \/>\t\t\t\t\t\t\t\t\t\t\t\t\t\t\t<\/div>\n\t\t\t\t<\/div>\n\t\t\t\t\t<\/div>\n\t\t<\/div>\n\t\t\t\t<div class=\"elementor-column elementor-col-25 elementor-top-column elementor-element elementor-element-2ac87f5\" data-id=\"2ac87f5\" data-element_type=\"column\">\n\t\t\t<div class=\"elementor-widget-wrap elementor-element-populated\">\n\t\t\t\t\t\t<div class=\"elementor-element elementor-element-73ed5a4 elementor-widget elementor-widget-image\" data-id=\"73ed5a4\" data-element_type=\"widget\" data-widget_type=\"image.default\">\n\t\t\t\t<div class=\"elementor-widget-container\">\n\t\t\t\t\t\t\t\t\t\t\t\t\t\t\t<img loading=\"lazy\" decoding=\"async\" width=\"350\" height=\"350\" src=\"https:\/\/www.academia-americana.org\/wpress\/wp-content\/uploads\/2020\/01\/New-White-High-School-Icon.png\" class=\"attachment-full size-full wp-image-5274\" alt=\"\" srcset=\"https:\/\/www.academia-americana.org\/wpress\/wp-content\/uploads\/2020\/01\/New-White-High-School-Icon.png 350w, https:\/\/www.academia-americana.org\/wpress\/wp-content\/uploads\/2020\/01\/New-White-High-School-Icon-300x300.png 300w, https:\/\/www.academia-americana.org\/wpress\/wp-content\/uploads\/2020\/01\/New-White-High-School-Icon-150x150.png 150w\" sizes=\"(max-width: 350px) 100vw, 350px\" \/>\t\t\t\t\t\t\t\t\t\t\t\t\t\t\t<\/div>\n\t\t\t\t<\/div>\n\t\t\t\t<div class=\"elementor-element elementor-element-61bdb7a elementor-widget elementor-widget-heading\" data-id=\"61bdb7a\" data-element_type=\"widget\" data-widget_type=\"heading.default\">\n\t\t\t\t<div class=\"elementor-widget-container\">\n\t\t\t\t\t<h2 class=\"elementor-heading-title elementor-size-default\">INSTALACIONES<\/h2>\t\t\t\t<\/div>\n\t\t\t\t<\/div>\n\t\t\t\t<div class=\"elementor-element elementor-element-40a5fe1 elementor-widget elementor-widget-text-editor\" data-id=\"40a5fe1\" data-element_type=\"widget\" data-widget_type=\"text-editor.default\">\n\t\t\t\t<div class=\"elementor-widget-container\">\n\t\t\t\t\t\t\t\t\t<ul><li>Amplias aulas<\/li><li>Canchas deportivas<\/li><li>Cafeter\u00edas<\/li><li>Instalaciones con amplio estacionamiento interno<\/li><\/ul>\t\t\t\t\t\t\t\t<\/div>\n\t\t\t\t<\/div>\n\t\t\t\t\t<\/div>\n\t\t<\/div>\n\t\t\t\t<div class=\"elementor-column elementor-col-25 elementor-top-column elementor-element elementor-element-3fce465\" data-id=\"3fce465\" data-element_type=\"column\">\n\t\t\t<div class=\"elementor-widget-wrap elementor-element-populated\">\n\t\t\t\t\t\t<div class=\"elementor-element elementor-element-18e653e elementor-widget elementor-widget-image\" data-id=\"18e653e\" data-element_type=\"widget\" data-widget_type=\"image.default\">\n\t\t\t\t<div class=\"elementor-widget-container\">\n\t\t\t\t\t\t\t\t\t\t\t\t\t\t\t<img loading=\"lazy\" decoding=\"async\" width=\"350\" height=\"350\" src=\"https:\/\/www.academia-americana.org\/wpress\/wp-content\/uploads\/2020\/01\/New-White-Materials-Icon.png\" class=\"attachment-full size-full wp-image-5299\" alt=\"\" srcset=\"https:\/\/www.academia-americana.org\/wpress\/wp-content\/uploads\/2020\/01\/New-White-Materials-Icon.png 350w, https:\/\/www.academia-americana.org\/wpress\/wp-content\/uploads\/2020\/01\/New-White-Materials-Icon-300x300.png 300w, https:\/\/www.academia-americana.org\/wpress\/wp-content\/uploads\/2020\/01\/New-White-Materials-Icon-150x150.png 150w\" sizes=\"(max-width: 350px) 100vw, 350px\" \/>\t\t\t\t\t\t\t\t\t\t\t\t\t\t\t<\/div>\n\t\t\t\t<\/div>\n\t\t\t\t<div class=\"elementor-element elementor-element-afa9089 elementor-widget elementor-widget-heading\" data-id=\"afa9089\" data-element_type=\"widget\" data-widget_type=\"heading.default\">\n\t\t\t\t<div class=\"elementor-widget-container\">\n\t\t\t\t\t<h2 class=\"elementor-heading-title elementor-size-default\">MATERIALES<\/h2>\t\t\t\t<\/div>\n\t\t\t\t<\/div>\n\t\t\t\t<div class=\"elementor-element elementor-element-3bdd1e6 elementor-widget elementor-widget-text-editor\" data-id=\"3bdd1e6\" data-element_type=\"widget\" data-widget_type=\"text-editor.default\">\n\t\t\t\t<div class=\"elementor-widget-container\">\n\t\t\t\t\t\t\t\t\t<ul><li>Textos con ediciones actualizadas<\/li><\/ul>\t\t\t\t\t\t\t\t<\/div>\n\t\t\t\t<\/div>\n\t\t\t\t\t<\/div>\n\t\t<\/div>\n\t\t\t\t<div class=\"elementor-column elementor-col-25 elementor-top-column elementor-element elementor-element-808fc57\" data-id=\"808fc57\" data-element_type=\"column\">\n\t\t\t<div class=\"elementor-widget-wrap\">\n\t\t\t\t\t\t\t<\/div>\n\t\t<\/div>\n\t\t\t\t\t<\/div>\n\t\t<\/section>\n\t\t\t\t<section class=\"elementor-section elementor-top-section elementor-element elementor-element-48b7214 elementor-section-stretched elementor-section-full_width elementor-section-height-default elementor-section-height-default\" data-id=\"48b7214\" data-element_type=\"section\" data-settings=\"{&quot;stretch_section&quot;:&quot;section-stretched&quot;,&quot;background_background&quot;:&quot;classic&quot;}\">\n\t\t\t\t\t\t<div class=\"elementor-container elementor-column-gap-no\">\n\t\t\t\t\t<div class=\"elementor-column elementor-col-25 elementor-top-column elementor-element elementor-element-8e16dae\" data-id=\"8e16dae\" data-element_type=\"column\">\n\t\t\t<div class=\"elementor-widget-wrap\">\n\t\t\t\t\t\t\t<\/div>\n\t\t<\/div>\n\t\t\t\t<div class=\"elementor-column elementor-col-25 elementor-top-column elementor-element elementor-element-f278885\" data-id=\"f278885\" data-element_type=\"column\">\n\t\t\t<div class=\"elementor-widget-wrap elementor-element-populated\">\n\t\t\t\t\t\t<div class=\"elementor-element elementor-element-e6142d5 elementor-widget elementor-widget-image\" data-id=\"e6142d5\" data-element_type=\"widget\" data-widget_type=\"image.default\">\n\t\t\t\t<div class=\"elementor-widget-container\">\n\t\t\t\t\t\t\t\t\t\t\t\t\t\t\t<img loading=\"lazy\" decoding=\"async\" width=\"350\" height=\"350\" src=\"https:\/\/www.academia-americana.org\/wpress\/wp-content\/uploads\/2020\/01\/New-Blue-Intellectual-Icon.png\" class=\"attachment-full size-full wp-image-5322\" alt=\"\" srcset=\"https:\/\/www.academia-americana.org\/wpress\/wp-content\/uploads\/2020\/01\/New-Blue-Intellectual-Icon.png 350w, https:\/\/www.academia-americana.org\/wpress\/wp-content\/uploads\/2020\/01\/New-Blue-Intellectual-Icon-300x300.png 300w, https:\/\/www.academia-americana.org\/wpress\/wp-content\/uploads\/2020\/01\/New-Blue-Intellectual-Icon-150x150.png 150w\" sizes=\"(max-width: 350px) 100vw, 350px\" \/>\t\t\t\t\t\t\t\t\t\t\t\t\t\t\t<\/div>\n\t\t\t\t<\/div>\n\t\t\t\t<div class=\"elementor-element elementor-element-a7f7156 elementor-widget elementor-widget-heading\" data-id=\"a7f7156\" data-element_type=\"widget\" data-widget_type=\"heading.default\">\n\t\t\t\t<div class=\"elementor-widget-container\">\n\t\t\t\t\t<h2 class=\"elementor-heading-title elementor-size-default\">DESARROLLO ESTUDIANTIL<\/h2>\t\t\t\t<\/div>\n\t\t\t\t<\/div>\n\t\t\t\t<div class=\"elementor-element elementor-element-f47e3d6 elementor-widget elementor-widget-text-editor\" data-id=\"f47e3d6\" data-element_type=\"widget\" data-widget_type=\"text-editor.default\">\n\t\t\t\t<div class=\"elementor-widget-container\">\n\t\t\t\t\t\t\t\t\t<ul><li>\u00c1rea de Recreaci\u00f3n<\/li><li>Departamento de Orientaci\u00f3n<\/li><li>Departamento de Consejer\u00eda<\/li><\/ul>\t\t\t\t\t\t\t\t<\/div>\n\t\t\t\t<\/div>\n\t\t\t\t\t<\/div>\n\t\t<\/div>\n\t\t\t\t<div class=\"elementor-column elementor-col-25 elementor-top-column elementor-element elementor-element-3d46e4d\" data-id=\"3d46e4d\" data-element_type=\"column\">\n\t\t\t<div class=\"elementor-widget-wrap elementor-element-populated\">\n\t\t\t\t\t\t<div class=\"elementor-element elementor-element-f424687 elementor-widget elementor-widget-image\" data-id=\"f424687\" data-element_type=\"widget\" data-widget_type=\"image.default\">\n\t\t\t\t<div class=\"elementor-widget-container\">\n\t\t\t\t\t\t\t\t\t\t\t\t\t\t\t<img loading=\"lazy\" decoding=\"async\" width=\"350\" height=\"350\" src=\"https:\/\/www.academia-americana.org\/wpress\/wp-content\/uploads\/2020\/01\/New-Blue-Laptop-Icon.png\" class=\"attachment-full size-full wp-image-5291\" alt=\"\" srcset=\"https:\/\/www.academia-americana.org\/wpress\/wp-content\/uploads\/2020\/01\/New-Blue-Laptop-Icon.png 350w, https:\/\/www.academia-americana.org\/wpress\/wp-content\/uploads\/2020\/01\/New-Blue-Laptop-Icon-300x300.png 300w, https:\/\/www.academia-americana.org\/wpress\/wp-content\/uploads\/2020\/01\/New-Blue-Laptop-Icon-150x150.png 150w\" sizes=\"(max-width: 350px) 100vw, 350px\" \/>\t\t\t\t\t\t\t\t\t\t\t\t\t\t\t<\/div>\n\t\t\t\t<\/div>\n\t\t\t\t<div class=\"elementor-element elementor-element-1b8e5fa elementor-widget elementor-widget-heading\" data-id=\"1b8e5fa\" data-element_type=\"widget\" data-widget_type=\"heading.default\">\n\t\t\t\t<div class=\"elementor-widget-container\">\n\t\t\t\t\t<h2 class=\"elementor-heading-title elementor-size-default\">TECNOLOG\u00cdA<\/h2>\t\t\t\t<\/div>\n\t\t\t\t<\/div>\n\t\t\t\t<div class=\"elementor-element elementor-element-ff446a2 elementor-widget elementor-widget-text-editor\" data-id=\"ff446a2\" data-element_type=\"widget\" data-widget_type=\"text-editor.default\">\n\t\t\t\t<div class=\"elementor-widget-container\">\n\t\t\t\t\t\t\t\t\t<ul><li>Pizarrones inteligentes<\/li><li>Laboratorio de Ciencia<\/li><li>Laboratorio Tecnol\u00f3gico: (Rob\u00f3tica EV, Camtasia, Adobe Fire y Biblioteca Virtual)<\/li><li>Plataformas: (T-Box, Santillana, Pearson y Holt)<\/li><\/ul>\t\t\t\t\t\t\t\t<\/div>\n\t\t\t\t<\/div>\n\t\t\t\t\t<\/div>\n\t\t<\/div>\n\t\t\t\t<div class=\"elementor-column elementor-col-25 elementor-top-column elementor-element elementor-element-61d95b4\" data-id=\"61d95b4\" data-element_type=\"column\">\n\t\t\t<div class=\"elementor-widget-wrap elementor-element-populated\">\n\t\t\t\t\t\t<div class=\"elementor-element elementor-element-bd1104a elementor-widget elementor-widget-image\" data-id=\"bd1104a\" data-element_type=\"widget\" data-widget_type=\"image.default\">\n\t\t\t\t<div class=\"elementor-widget-container\">\n\t\t\t\t\t\t\t\t\t\t\t\t\t\t\t<img loading=\"lazy\" decoding=\"async\" width=\"600\" height=\"400\" src=\"https:\/\/www.academia-americana.org\/wpress\/wp-content\/uploads\/2020\/01\/Media-Small-Banner-2A.png\" class=\"attachment-full size-full wp-image-5430\" alt=\"\" srcset=\"https:\/\/www.academia-americana.org\/wpress\/wp-content\/uploads\/2020\/01\/Media-Small-Banner-2A.png 600w, https:\/\/www.academia-americana.org\/wpress\/wp-content\/uploads\/2020\/01\/Media-Small-Banner-2A-300x200.png 300w\" sizes=\"(max-width: 600px) 100vw, 600px\" \/>\t\t\t\t\t\t\t\t\t\t\t\t\t\t\t<\/div>\n\t\t\t\t<\/div>\n\t\t\t\t\t<\/div>\n\t\t<\/div>\n\t\t\t\t\t<\/div>\n\t\t<\/section>\n\t\t\t\t<\/div>\n\t\t","protected":false},"excerpt":{"rendered":"<p>MEDIA Nuestros programas acad\u00e9micos en el nivel medio est\u00e1n dise\u00f1ados para incrementar secuencialmente las demandas conceptuales de los estudiantes y as\u00ed lograr que aprendan m\u00e1s e internalicen mejor cada una de las materias. INSTALACIONES Amplias aulas Canchas deportivas Cafeter\u00edas Instalaciones con amplio estacionamiento interno MATERIALES Textos con ediciones actualizadas DESARROLLO ESTUDIANTIL \u00c1rea de Recreaci\u00f3n Departamento [&hellip;]<\/p>\n","protected":false},"author":2,"featured_media":0,"parent":4044,"menu_order":2,"comment_status":"closed","ping_status":"closed","template":"","meta":{"ngg_post_thumbnail":0,"ocean_post_layout":"full-width","ocean_both_sidebars_style":"","ocean_both_sidebars_content_width":0,"ocean_both_sidebars_sidebars_width":0,"ocean_sidebar":"0","ocean_second_sidebar":"0","ocean_disable_margins":"on","ocean_add_body_class":"","ocean_shortcode_before_top_bar":"","ocean_shortcode_after_top_bar":"","ocean_shortcode_before_header":"","ocean_shortcode_after_header":"","ocean_has_shortcode":"","ocean_shortcode_after_title":"","ocean_shortcode_before_footer_widgets":"","ocean_shortcode_after_footer_widgets":"","ocean_shortcode_before_footer_bottom":"","ocean_shortcode_after_footer_bottom":"","ocean_display_top_bar":"default","ocean_display_header":"default","ocean_header_style":"","ocean_center_header_left_menu":"0","ocean_custom_header_template":"0","ocean_custom_logo":0,"ocean_custom_retina_logo":0,"ocean_custom_logo_max_width":0,"ocean_custom_logo_tablet_max_width":0,"ocean_custom_logo_mobile_max_width":0,"ocean_custom_logo_max_height":0,"ocean_custom_logo_tablet_max_height":0,"ocean_custom_logo_mobile_max_height":0,"ocean_header_custom_menu":"0","ocean_menu_typo_font_family":"0","ocean_menu_typo_font_subset":"","ocean_menu_typo_font_size":0,"ocean_menu_typo_font_size_tablet":0,"ocean_menu_typo_font_size_mobile":0,"ocean_menu_typo_font_size_unit":"px","ocean_menu_typo_font_weight":"","ocean_menu_typo_font_weight_tablet":"","ocean_menu_typo_font_weight_mobile":"","ocean_menu_typo_transform":"","ocean_menu_typo_transform_tablet":"","ocean_menu_typo_transform_mobile":"","ocean_menu_typo_line_height":0,"ocean_menu_typo_line_height_tablet":0,"ocean_menu_typo_line_height_mobile":0,"ocean_menu_typo_line_height_unit":"","ocean_menu_typo_spacing":0,"ocean_menu_typo_spacing_tablet":0,"ocean_menu_typo_spacing_mobile":0,"ocean_menu_typo_spacing_unit":"","ocean_menu_link_color":"","ocean_menu_link_color_hover":"","ocean_menu_link_color_active":"","ocean_menu_link_background":"","ocean_menu_link_hover_background":"","ocean_menu_link_active_background":"","ocean_menu_social_links_bg":"","ocean_menu_social_hover_links_bg":"","ocean_menu_social_links_color":"","ocean_menu_social_hover_links_color":"","ocean_disable_title":"on","ocean_disable_heading":"default","ocean_post_title":"","ocean_post_subheading":"","ocean_post_title_style":"","ocean_post_title_background_color":"","ocean_post_title_background":0,"ocean_post_title_bg_image_position":"","ocean_post_title_bg_image_attachment":"","ocean_post_title_bg_image_repeat":"","ocean_post_title_bg_image_size":"","ocean_post_title_height":0,"ocean_post_title_bg_overlay":0.5,"ocean_post_title_bg_overlay_color":"","ocean_disable_breadcrumbs":"off","ocean_breadcrumbs_color":"","ocean_breadcrumbs_separator_color":"","ocean_breadcrumbs_links_color":"","ocean_breadcrumbs_links_hover_color":"","ocean_display_footer_widgets":"default","ocean_display_footer_bottom":"default","ocean_custom_footer_template":"0","footnotes":""},"class_list":["post-4050","page","type-page","status-publish","hentry","entry"],"_links":{"self":[{"href":"https:\/\/www.academia-americana.org\/wpress\/wp-json\/wp\/v2\/pages\/4050","targetHints":{"allow":["GET"]}}],"collection":[{"href":"https:\/\/www.academia-americana.org\/wpress\/wp-json\/wp\/v2\/pages"}],"about":[{"href":"https:\/\/www.academia-americana.org\/wpress\/wp-json\/wp\/v2\/types\/page"}],"author":[{"embeddable":true,"href":"https:\/\/www.academia-americana.org\/wpress\/wp-json\/wp\/v2\/users\/2"}],"replies":[{"embeddable":true,"href":"https:\/\/www.academia-americana.org\/wpress\/wp-json\/wp\/v2\/comments?post=4050"}],"version-history":[{"count":73,"href":"https:\/\/www.academia-americana.org\/wpress\/wp-json\/wp\/v2\/pages\/4050\/revisions"}],"predecessor-version":[{"id":6169,"href":"https:\/\/www.academia-americana.org\/wpress\/wp-json\/wp\/v2\/pages\/4050\/revisions\/6169"}],"up":[{"embeddable":true,"href":"https:\/\/www.academia-americana.org\/wpress\/wp-json\/wp\/v2\/pages\/4044"}],"wp:attachment":[{"href":"https:\/\/www.academia-americana.org\/wpress\/wp-json\/wp\/v2\/media?parent=4050"}],"curies":[{"name":"wp","href":"https:\/\/api.w.org\/{rel}","templated":true}]}}