{"id":4046,"date":"2019-12-16T15:43:30","date_gmt":"2019-12-16T15:43:30","guid":{"rendered":"http:\/\/www.academia-americana.org\/wpress\/?page_id=4046"},"modified":"2020-05-15T20:44:33","modified_gmt":"2020-05-15T20:44:33","slug":"pre-basica","status":"publish","type":"page","link":"https:\/\/www.academia-americana.org\/wpress\/academico\/pre-basica\/","title":{"rendered":"PRE-B\u00c1SICA"},"content":{"rendered":"\t\t<div data-elementor-type=\"wp-page\" data-elementor-id=\"4046\" class=\"elementor elementor-4046\">\n\t\t\t\t\t\t<section class=\"elementor-section elementor-top-section elementor-element elementor-element-b5b74b6 elementor-section-stretched elementor-section-full_width elementor-section-height-default elementor-section-height-default\" data-id=\"b5b74b6\" data-element_type=\"section\" data-settings=\"{&quot;stretch_section&quot;:&quot;section-stretched&quot;}\">\n\t\t\t\t\t\t<div class=\"elementor-container elementor-column-gap-no\">\n\t\t\t\t\t<div class=\"elementor-column elementor-col-100 elementor-top-column elementor-element elementor-element-b5a54da\" data-id=\"b5a54da\" data-element_type=\"column\">\n\t\t\t<div class=\"elementor-widget-wrap elementor-element-populated\">\n\t\t\t\t\t\t<div class=\"elementor-element elementor-element-6ef3848 elementor-widget elementor-widget-image\" data-id=\"6ef3848\" data-element_type=\"widget\" data-widget_type=\"image.default\">\n\t\t\t\t<div class=\"elementor-widget-container\">\n\t\t\t\t\t\t\t\t\t\t\t\t\t\t\t<img fetchpriority=\"high\" decoding=\"async\" width=\"1300\" height=\"450\" src=\"https:\/\/www.academia-americana.org\/wpress\/wp-content\/uploads\/2019\/12\/PREBASICA1.jpg\" class=\"attachment-full size-full wp-image-4274\" alt=\"\" srcset=\"https:\/\/www.academia-americana.org\/wpress\/wp-content\/uploads\/2019\/12\/PREBASICA1.jpg 1300w, https:\/\/www.academia-americana.org\/wpress\/wp-content\/uploads\/2019\/12\/PREBASICA1-300x104.jpg 300w, https:\/\/www.academia-americana.org\/wpress\/wp-content\/uploads\/2019\/12\/PREBASICA1-1024x354.jpg 1024w, https:\/\/www.academia-americana.org\/wpress\/wp-content\/uploads\/2019\/12\/PREBASICA1-768x266.jpg 768w\" sizes=\"(max-width: 1300px) 100vw, 1300px\" \/>\t\t\t\t\t\t\t\t\t\t\t\t\t\t\t<\/div>\n\t\t\t\t<\/div>\n\t\t\t\t\t<\/div>\n\t\t<\/div>\n\t\t\t\t\t<\/div>\n\t\t<\/section>\n\t\t\t\t<section class=\"elementor-section elementor-top-section elementor-element elementor-element-50ea457 elementor-section-stretched elementor-section-full_width elementor-section-height-default elementor-section-height-default\" data-id=\"50ea457\" data-element_type=\"section\" data-settings=\"{&quot;stretch_section&quot;:&quot;section-stretched&quot;}\">\n\t\t\t\t\t\t<div class=\"elementor-container elementor-column-gap-no\">\n\t\t\t\t\t<div class=\"elementor-column elementor-col-25 elementor-top-column elementor-element elementor-element-229c2d0\" data-id=\"229c2d0\" data-element_type=\"column\">\n\t\t\t<div class=\"elementor-widget-wrap\">\n\t\t\t\t\t\t\t<\/div>\n\t\t<\/div>\n\t\t\t\t<div class=\"elementor-column elementor-col-25 elementor-top-column elementor-element elementor-element-6a0adc3\" data-id=\"6a0adc3\" data-element_type=\"column\">\n\t\t\t<div class=\"elementor-widget-wrap elementor-element-populated\">\n\t\t\t\t\t\t<div class=\"elementor-element elementor-element-493ae87 elementor-widget elementor-widget-image\" data-id=\"493ae87\" data-element_type=\"widget\" data-widget_type=\"image.default\">\n\t\t\t\t<div class=\"elementor-widget-container\">\n\t\t\t\t\t\t\t\t\t\t\t\t\t\t\t<img decoding=\"async\" width=\"452\" height=\"590\" src=\"https:\/\/www.academia-americana.org\/wpress\/wp-content\/uploads\/2019\/12\/PREBASICA-IMAGE-1.png\" class=\"attachment-full size-full wp-image-4280\" alt=\"\" srcset=\"https:\/\/www.academia-americana.org\/wpress\/wp-content\/uploads\/2019\/12\/PREBASICA-IMAGE-1.png 452w, https:\/\/www.academia-americana.org\/wpress\/wp-content\/uploads\/2019\/12\/PREBASICA-IMAGE-1-230x300.png 230w\" sizes=\"(max-width: 452px) 100vw, 452px\" \/>\t\t\t\t\t\t\t\t\t\t\t\t\t\t\t<\/div>\n\t\t\t\t<\/div>\n\t\t\t\t\t<\/div>\n\t\t<\/div>\n\t\t\t\t<div class=\"elementor-column elementor-col-25 elementor-top-column elementor-element elementor-element-cf728b0\" data-id=\"cf728b0\" data-element_type=\"column\">\n\t\t\t<div class=\"elementor-widget-wrap elementor-element-populated\">\n\t\t\t\t\t\t<div class=\"elementor-element elementor-element-3ae045e elementor-widget elementor-widget-heading\" data-id=\"3ae045e\" data-element_type=\"widget\" data-widget_type=\"heading.default\">\n\t\t\t\t<div class=\"elementor-widget-container\">\n\t\t\t\t\t<h2 class=\"elementor-heading-title elementor-size-default\">PRE-B\u00c1SICA<\/h2>\t\t\t\t<\/div>\n\t\t\t\t<\/div>\n\t\t\t\t<div class=\"elementor-element elementor-element-03ff07d elementor-widget-divider--view-line elementor-widget elementor-widget-divider\" data-id=\"03ff07d\" data-element_type=\"widget\" data-widget_type=\"divider.default\">\n\t\t\t\t<div class=\"elementor-widget-container\">\n\t\t\t\t\t\t\t<div class=\"elementor-divider\">\n\t\t\t<span class=\"elementor-divider-separator\">\n\t\t\t\t\t\t<\/span>\n\t\t<\/div>\n\t\t\t\t\t\t<\/div>\n\t\t\t\t<\/div>\n\t\t\t\t<div class=\"elementor-element elementor-element-6af6027 elementor-widget elementor-widget-text-editor\" data-id=\"6af6027\" data-element_type=\"widget\" data-widget_type=\"text-editor.default\">\n\t\t\t\t<div class=\"elementor-widget-container\">\n\t\t\t\t\t\t\t\t\t<p>Los principios fundamentales de la escuela biling\u00fce <strong>Academia Americana<\/strong> se basan en un profundo respeto por el ni\u00f1o y la certeza de que se puede desarrollar al m\u00e1ximo su potencial.\u00a0<\/p>\t\t\t\t\t\t\t\t<\/div>\n\t\t\t\t<\/div>\n\t\t\t\t\t<\/div>\n\t\t<\/div>\n\t\t\t\t<div class=\"elementor-column elementor-col-25 elementor-top-column elementor-element elementor-element-5f27ebf\" data-id=\"5f27ebf\" data-element_type=\"column\">\n\t\t\t<div class=\"elementor-widget-wrap\">\n\t\t\t\t\t\t\t<\/div>\n\t\t<\/div>\n\t\t\t\t\t<\/div>\n\t\t<\/section>\n\t\t\t\t<section class=\"elementor-section elementor-top-section elementor-element elementor-element-f5597af elementor-section-stretched elementor-section-full_width elementor-section-height-default elementor-section-height-default\" data-id=\"f5597af\" data-element_type=\"section\" data-settings=\"{&quot;stretch_section&quot;:&quot;section-stretched&quot;,&quot;background_background&quot;:&quot;classic&quot;}\">\n\t\t\t\t\t\t<div class=\"elementor-container elementor-column-gap-wider\">\n\t\t\t\t\t<div class=\"elementor-column elementor-col-25 elementor-top-column elementor-element elementor-element-468947a\" data-id=\"468947a\" data-element_type=\"column\">\n\t\t\t<div class=\"elementor-widget-wrap\">\n\t\t\t\t\t\t\t<\/div>\n\t\t<\/div>\n\t\t\t\t<div class=\"elementor-column elementor-col-25 elementor-top-column elementor-element elementor-element-d2e1f4c\" data-id=\"d2e1f4c\" data-element_type=\"column\">\n\t\t\t<div class=\"elementor-widget-wrap elementor-element-populated\">\n\t\t\t\t\t\t<div class=\"elementor-element elementor-element-6998069 elementor-widget elementor-widget-image\" data-id=\"6998069\" data-element_type=\"widget\" data-widget_type=\"image.default\">\n\t\t\t\t<div class=\"elementor-widget-container\">\n\t\t\t\t\t\t\t\t\t\t\t\t\t\t\t<img decoding=\"async\" width=\"350\" height=\"350\" src=\"https:\/\/www.academia-americana.org\/wpress\/wp-content\/uploads\/2020\/01\/New-White-High-School-Icon.png\" class=\"attachment-full size-full wp-image-5274\" alt=\"\" srcset=\"https:\/\/www.academia-americana.org\/wpress\/wp-content\/uploads\/2020\/01\/New-White-High-School-Icon.png 350w, https:\/\/www.academia-americana.org\/wpress\/wp-content\/uploads\/2020\/01\/New-White-High-School-Icon-300x300.png 300w, https:\/\/www.academia-americana.org\/wpress\/wp-content\/uploads\/2020\/01\/New-White-High-School-Icon-150x150.png 150w\" sizes=\"(max-width: 350px) 100vw, 350px\" \/>\t\t\t\t\t\t\t\t\t\t\t\t\t\t\t<\/div>\n\t\t\t\t<\/div>\n\t\t\t\t<div class=\"elementor-element elementor-element-40cdba6 elementor-widget elementor-widget-heading\" data-id=\"40cdba6\" data-element_type=\"widget\" data-widget_type=\"heading.default\">\n\t\t\t\t<div class=\"elementor-widget-container\">\n\t\t\t\t\t<h2 class=\"elementor-heading-title elementor-size-default\">INSTALACIONES<\/h2>\t\t\t\t<\/div>\n\t\t\t\t<\/div>\n\t\t\t\t<div class=\"elementor-element elementor-element-d75a093 elementor-widget elementor-widget-text-editor\" data-id=\"d75a093\" data-element_type=\"widget\" data-widget_type=\"text-editor.default\">\n\t\t\t\t<div class=\"elementor-widget-container\">\n\t\t\t\t\t\t\t\t\t<ul><li style=\"text-align: left;\">Aulas climatizadas<\/li><li style=\"text-align: left;\">Sanitarios en cada aula<\/li><li style=\"text-align: left;\">Cada aula cuenta con su maestra y asistente<\/li><\/ul>\t\t\t\t\t\t\t\t<\/div>\n\t\t\t\t<\/div>\n\t\t\t\t\t<\/div>\n\t\t<\/div>\n\t\t\t\t<div class=\"elementor-column elementor-col-25 elementor-top-column elementor-element elementor-element-289262e\" data-id=\"289262e\" data-element_type=\"column\">\n\t\t\t<div class=\"elementor-widget-wrap elementor-element-populated\">\n\t\t\t\t\t\t<div class=\"elementor-element elementor-element-5fdcf47 elementor-widget elementor-widget-image\" data-id=\"5fdcf47\" data-element_type=\"widget\" data-widget_type=\"image.default\">\n\t\t\t\t<div class=\"elementor-widget-container\">\n\t\t\t\t\t\t\t\t\t\t\t\t\t\t\t<img loading=\"lazy\" decoding=\"async\" width=\"350\" height=\"350\" src=\"https:\/\/www.academia-americana.org\/wpress\/wp-content\/uploads\/2020\/01\/New-White-Intellectual-Icon.png\" class=\"attachment-full size-full wp-image-5275\" alt=\"\" srcset=\"https:\/\/www.academia-americana.org\/wpress\/wp-content\/uploads\/2020\/01\/New-White-Intellectual-Icon.png 350w, https:\/\/www.academia-americana.org\/wpress\/wp-content\/uploads\/2020\/01\/New-White-Intellectual-Icon-300x300.png 300w, https:\/\/www.academia-americana.org\/wpress\/wp-content\/uploads\/2020\/01\/New-White-Intellectual-Icon-150x150.png 150w\" sizes=\"(max-width: 350px) 100vw, 350px\" \/>\t\t\t\t\t\t\t\t\t\t\t\t\t\t\t<\/div>\n\t\t\t\t<\/div>\n\t\t\t\t<div class=\"elementor-element elementor-element-bf11321 elementor-widget elementor-widget-heading\" data-id=\"bf11321\" data-element_type=\"widget\" data-widget_type=\"heading.default\">\n\t\t\t\t<div class=\"elementor-widget-container\">\n\t\t\t\t\t<h2 class=\"elementor-heading-title elementor-size-default\">DESARROLLO ESTUDIANTIL<\/h2>\t\t\t\t<\/div>\n\t\t\t\t<\/div>\n\t\t\t\t<div class=\"elementor-element elementor-element-5023335 elementor-widget elementor-widget-text-editor\" data-id=\"5023335\" data-element_type=\"widget\" data-widget_type=\"text-editor.default\">\n\t\t\t\t<div class=\"elementor-widget-container\">\n\t\t\t\t\t\t\t\t\t<ul><li style=\"text-align: left;\">Departamento de Orientaci\u00f3n<\/li><li style=\"text-align: left;\">\u00c1rea de juego techado<\/li><li style=\"text-align: left;\">\u00c1rea verde de juegos<\/li><li style=\"text-align: left;\">Clases de danza<\/li><li style=\"text-align: left;\">Clase de marimba<\/li><\/ul>\t\t\t\t\t\t\t\t<\/div>\n\t\t\t\t<\/div>\n\t\t\t\t\t<\/div>\n\t\t<\/div>\n\t\t\t\t<div class=\"elementor-column elementor-col-25 elementor-top-column elementor-element elementor-element-8cd6d97\" data-id=\"8cd6d97\" data-element_type=\"column\">\n\t\t\t<div class=\"elementor-widget-wrap elementor-element-populated\">\n\t\t\t\t\t\t<div class=\"elementor-element elementor-element-fabb6cd elementor-widget elementor-widget-image\" data-id=\"fabb6cd\" data-element_type=\"widget\" data-widget_type=\"image.default\">\n\t\t\t\t<div class=\"elementor-widget-container\">\n\t\t\t\t\t\t\t\t\t\t\t\t\t\t\t<img loading=\"lazy\" decoding=\"async\" width=\"600\" height=\"400\" src=\"https:\/\/www.academia-americana.org\/wpress\/wp-content\/uploads\/2020\/01\/PreBasica-Small-Banner-1A.png\" class=\"attachment-full size-full wp-image-5394\" alt=\"\" srcset=\"https:\/\/www.academia-americana.org\/wpress\/wp-content\/uploads\/2020\/01\/PreBasica-Small-Banner-1A.png 600w, https:\/\/www.academia-americana.org\/wpress\/wp-content\/uploads\/2020\/01\/PreBasica-Small-Banner-1A-300x200.png 300w\" sizes=\"(max-width: 600px) 100vw, 600px\" \/>\t\t\t\t\t\t\t\t\t\t\t\t\t\t\t<\/div>\n\t\t\t\t<\/div>\n\t\t\t\t\t<\/div>\n\t\t<\/div>\n\t\t\t\t\t<\/div>\n\t\t<\/section>\n\t\t\t\t<section class=\"elementor-section elementor-top-section elementor-element elementor-element-564ed9e elementor-section-stretched elementor-section-full_width elementor-section-height-default elementor-section-height-default\" data-id=\"564ed9e\" data-element_type=\"section\" data-settings=\"{&quot;stretch_section&quot;:&quot;section-stretched&quot;}\">\n\t\t\t\t\t\t<div class=\"elementor-container elementor-column-gap-wider\">\n\t\t\t\t\t<div class=\"elementor-column elementor-col-25 elementor-top-column elementor-element elementor-element-d30a48d\" data-id=\"d30a48d\" data-element_type=\"column\">\n\t\t\t<div class=\"elementor-widget-wrap elementor-element-populated\">\n\t\t\t\t\t\t<div class=\"elementor-element elementor-element-e36cf92 elementor-widget elementor-widget-image\" data-id=\"e36cf92\" data-element_type=\"widget\" data-widget_type=\"image.default\">\n\t\t\t\t<div class=\"elementor-widget-container\">\n\t\t\t\t\t\t\t\t\t\t\t\t\t\t\t<img loading=\"lazy\" decoding=\"async\" width=\"600\" height=\"400\" src=\"https:\/\/www.academia-americana.org\/wpress\/wp-content\/uploads\/2020\/01\/PreBasica-Small-Banner-2A.png\" class=\"attachment-full size-full wp-image-5398\" alt=\"\" srcset=\"https:\/\/www.academia-americana.org\/wpress\/wp-content\/uploads\/2020\/01\/PreBasica-Small-Banner-2A.png 600w, https:\/\/www.academia-americana.org\/wpress\/wp-content\/uploads\/2020\/01\/PreBasica-Small-Banner-2A-300x200.png 300w\" sizes=\"(max-width: 600px) 100vw, 600px\" \/>\t\t\t\t\t\t\t\t\t\t\t\t\t\t\t<\/div>\n\t\t\t\t<\/div>\n\t\t\t\t\t<\/div>\n\t\t<\/div>\n\t\t\t\t<div class=\"elementor-column elementor-col-25 elementor-top-column elementor-element elementor-element-8462da2\" data-id=\"8462da2\" data-element_type=\"column\">\n\t\t\t<div class=\"elementor-widget-wrap elementor-element-populated\">\n\t\t\t\t\t\t<div class=\"elementor-element elementor-element-9616f69 elementor-widget elementor-widget-image\" data-id=\"9616f69\" data-element_type=\"widget\" data-widget_type=\"image.default\">\n\t\t\t\t<div class=\"elementor-widget-container\">\n\t\t\t\t\t\t\t\t\t\t\t\t\t\t\t<img loading=\"lazy\" decoding=\"async\" width=\"350\" height=\"350\" src=\"https:\/\/www.academia-americana.org\/wpress\/wp-content\/uploads\/2020\/01\/New-Blue-Materials-Icon.png\" class=\"attachment-full size-full wp-image-5290\" alt=\"\" srcset=\"https:\/\/www.academia-americana.org\/wpress\/wp-content\/uploads\/2020\/01\/New-Blue-Materials-Icon.png 350w, https:\/\/www.academia-americana.org\/wpress\/wp-content\/uploads\/2020\/01\/New-Blue-Materials-Icon-300x300.png 300w, https:\/\/www.academia-americana.org\/wpress\/wp-content\/uploads\/2020\/01\/New-Blue-Materials-Icon-150x150.png 150w\" sizes=\"(max-width: 350px) 100vw, 350px\" \/>\t\t\t\t\t\t\t\t\t\t\t\t\t\t\t<\/div>\n\t\t\t\t<\/div>\n\t\t\t\t<div class=\"elementor-element elementor-element-80e0c59 elementor-widget elementor-widget-heading\" data-id=\"80e0c59\" data-element_type=\"widget\" data-widget_type=\"heading.default\">\n\t\t\t\t<div class=\"elementor-widget-container\">\n\t\t\t\t\t<h2 class=\"elementor-heading-title elementor-size-default\">MATERIALES<\/h2>\t\t\t\t<\/div>\n\t\t\t\t<\/div>\n\t\t\t\t<div class=\"elementor-element elementor-element-9e89eda elementor-widget elementor-widget-text-editor\" data-id=\"9e89eda\" data-element_type=\"widget\" data-widget_type=\"text-editor.default\">\n\t\t\t\t<div class=\"elementor-widget-container\">\n\t\t\t\t\t\t\t\t\t<ul><li style=\"text-align: left;\">Textos Actualizados<\/li><li style=\"text-align: left;\">Crayones<\/li><li style=\"text-align: left;\">Plastilina<\/li><li style=\"text-align: left;\">Tijeras<\/li><li style=\"text-align: left;\">Papel<\/li><li style=\"text-align: left;\">Pintura de Dedos<\/li><li style=\"text-align: left;\">Pagamento<\/li><li style=\"text-align: left;\">Tempera<\/li><\/ul>\t\t\t\t\t\t\t\t<\/div>\n\t\t\t\t<\/div>\n\t\t\t\t\t<\/div>\n\t\t<\/div>\n\t\t\t\t<div class=\"elementor-column elementor-col-25 elementor-top-column elementor-element elementor-element-6332e6f\" data-id=\"6332e6f\" data-element_type=\"column\">\n\t\t\t<div class=\"elementor-widget-wrap elementor-element-populated\">\n\t\t\t\t\t\t<div class=\"elementor-element elementor-element-d73c18a elementor-widget elementor-widget-image\" data-id=\"d73c18a\" data-element_type=\"widget\" data-widget_type=\"image.default\">\n\t\t\t\t<div class=\"elementor-widget-container\">\n\t\t\t\t\t\t\t\t\t\t\t\t\t\t\t<img loading=\"lazy\" decoding=\"async\" width=\"350\" height=\"350\" src=\"https:\/\/www.academia-americana.org\/wpress\/wp-content\/uploads\/2020\/01\/New-Blue-Laptop-Icon.png\" class=\"attachment-full size-full wp-image-5291\" alt=\"\" srcset=\"https:\/\/www.academia-americana.org\/wpress\/wp-content\/uploads\/2020\/01\/New-Blue-Laptop-Icon.png 350w, https:\/\/www.academia-americana.org\/wpress\/wp-content\/uploads\/2020\/01\/New-Blue-Laptop-Icon-300x300.png 300w, https:\/\/www.academia-americana.org\/wpress\/wp-content\/uploads\/2020\/01\/New-Blue-Laptop-Icon-150x150.png 150w\" sizes=\"(max-width: 350px) 100vw, 350px\" \/>\t\t\t\t\t\t\t\t\t\t\t\t\t\t\t<\/div>\n\t\t\t\t<\/div>\n\t\t\t\t<div class=\"elementor-element elementor-element-1ab5002 elementor-widget elementor-widget-heading\" data-id=\"1ab5002\" data-element_type=\"widget\" data-widget_type=\"heading.default\">\n\t\t\t\t<div class=\"elementor-widget-container\">\n\t\t\t\t\t<h2 class=\"elementor-heading-title elementor-size-default\">TECNOLOG\u00cdA<\/h2>\t\t\t\t<\/div>\n\t\t\t\t<\/div>\n\t\t\t\t<div class=\"elementor-element elementor-element-a31683a elementor-widget elementor-widget-text-editor\" data-id=\"a31683a\" data-element_type=\"widget\" data-widget_type=\"text-editor.default\">\n\t\t\t\t<div class=\"elementor-widget-container\">\n\t\t\t\t\t\t\t\t\t<ul><li style=\"text-align: left;\">Pizarrones Inteligentes<\/li><li style=\"text-align: left;\">Laboratorio Tecnol\u00f3gico<\/li><li style=\"text-align: left;\">Plataformas:<\/li><li style=\"text-align: left;\">T-Box<\/li><li style=\"text-align: left;\">Pearson<\/li><li style=\"text-align: left;\">Biblioteca<\/li><li style=\"text-align: left;\">Aula Beam<\/li><\/ul>\t\t\t\t\t\t\t\t<\/div>\n\t\t\t\t<\/div>\n\t\t\t\t\t<\/div>\n\t\t<\/div>\n\t\t\t\t<div class=\"elementor-column elementor-col-25 elementor-top-column elementor-element elementor-element-b997951\" data-id=\"b997951\" data-element_type=\"column\">\n\t\t\t<div class=\"elementor-widget-wrap\">\n\t\t\t\t\t\t\t<\/div>\n\t\t<\/div>\n\t\t\t\t\t<\/div>\n\t\t<\/section>\n\t\t\t\t<\/div>\n\t\t","protected":false},"excerpt":{"rendered":"<p>PRE-B\u00c1SICA Los principios fundamentales de la escuela biling\u00fce Academia Americana se basan en un profundo respeto por el ni\u00f1o y la certeza de que se puede desarrollar al m\u00e1ximo su potencial.\u00a0 INSTALACIONES Aulas climatizadas Sanitarios en cada aula Cada aula cuenta con su maestra y asistente DESARROLLO ESTUDIANTIL Departamento de Orientaci\u00f3n \u00c1rea de juego techado [&hellip;]<\/p>\n","protected":false},"author":2,"featured_media":0,"parent":4044,"menu_order":0,"comment_status":"closed","ping_status":"closed","template":"","meta":{"ngg_post_thumbnail":0,"ocean_post_layout":"full-width","ocean_both_sidebars_style":"","ocean_both_sidebars_content_width":0,"ocean_both_sidebars_sidebars_width":0,"ocean_sidebar":"0","ocean_second_sidebar":"0","ocean_disable_margins":"on","ocean_add_body_class":"","ocean_shortcode_before_top_bar":"","ocean_shortcode_after_top_bar":"","ocean_shortcode_before_header":"","ocean_shortcode_after_header":"","ocean_has_shortcode":"","ocean_shortcode_after_title":"","ocean_shortcode_before_footer_widgets":"","ocean_shortcode_after_footer_widgets":"","ocean_shortcode_before_footer_bottom":"","ocean_shortcode_after_footer_bottom":"","ocean_display_top_bar":"default","ocean_display_header":"default","ocean_header_style":"","ocean_center_header_left_menu":"0","ocean_custom_header_template":"0","ocean_custom_logo":0,"ocean_custom_retina_logo":0,"ocean_custom_logo_max_width":0,"ocean_custom_logo_tablet_max_width":0,"ocean_custom_logo_mobile_max_width":0,"ocean_custom_logo_max_height":0,"ocean_custom_logo_tablet_max_height":0,"ocean_custom_logo_mobile_max_height":0,"ocean_header_custom_menu":"0","ocean_menu_typo_font_family":"0","ocean_menu_typo_font_subset":"","ocean_menu_typo_font_size":0,"ocean_menu_typo_font_size_tablet":0,"ocean_menu_typo_font_size_mobile":0,"ocean_menu_typo_font_size_unit":"px","ocean_menu_typo_font_weight":"","ocean_menu_typo_font_weight_tablet":"","ocean_menu_typo_font_weight_mobile":"","ocean_menu_typo_transform":"","ocean_menu_typo_transform_tablet":"","ocean_menu_typo_transform_mobile":"","ocean_menu_typo_line_height":0,"ocean_menu_typo_line_height_tablet":0,"ocean_menu_typo_line_height_mobile":0,"ocean_menu_typo_line_height_unit":"","ocean_menu_typo_spacing":0,"ocean_menu_typo_spacing_tablet":0,"ocean_menu_typo_spacing_mobile":0,"ocean_menu_typo_spacing_unit":"","ocean_menu_link_color":"","ocean_menu_link_color_hover":"","ocean_menu_link_color_active":"","ocean_menu_link_background":"","ocean_menu_link_hover_background":"","ocean_menu_link_active_background":"","ocean_menu_social_links_bg":"","ocean_menu_social_hover_links_bg":"","ocean_menu_social_links_color":"","ocean_menu_social_hover_links_color":"","ocean_disable_title":"on","ocean_disable_heading":"default","ocean_post_title":"","ocean_post_subheading":"","ocean_post_title_style":"","ocean_post_title_background_color":"","ocean_post_title_background":0,"ocean_post_title_bg_image_position":"","ocean_post_title_bg_image_attachment":"","ocean_post_title_bg_image_repeat":"","ocean_post_title_bg_image_size":"","ocean_post_title_height":0,"ocean_post_title_bg_overlay":0.5,"ocean_post_title_bg_overlay_color":"","ocean_disable_breadcrumbs":"off","ocean_breadcrumbs_color":"","ocean_breadcrumbs_separator_color":"","ocean_breadcrumbs_links_color":"","ocean_breadcrumbs_links_hover_color":"","ocean_display_footer_widgets":"default","ocean_display_footer_bottom":"default","ocean_custom_footer_template":"0","footnotes":""},"class_list":["post-4046","page","type-page","status-publish","hentry","entry"],"_links":{"self":[{"href":"https:\/\/www.academia-americana.org\/wpress\/wp-json\/wp\/v2\/pages\/4046","targetHints":{"allow":["GET"]}}],"collection":[{"href":"https:\/\/www.academia-americana.org\/wpress\/wp-json\/wp\/v2\/pages"}],"about":[{"href":"https:\/\/www.academia-americana.org\/wpress\/wp-json\/wp\/v2\/types\/page"}],"author":[{"embeddable":true,"href":"https:\/\/www.academia-americana.org\/wpress\/wp-json\/wp\/v2\/users\/2"}],"replies":[{"embeddable":true,"href":"https:\/\/www.academia-americana.org\/wpress\/wp-json\/wp\/v2\/comments?post=4046"}],"version-history":[{"count":98,"href":"https:\/\/www.academia-americana.org\/wpress\/wp-json\/wp\/v2\/pages\/4046\/revisions"}],"predecessor-version":[{"id":6248,"href":"https:\/\/www.academia-americana.org\/wpress\/wp-json\/wp\/v2\/pages\/4046\/revisions\/6248"}],"up":[{"embeddable":true,"href":"https:\/\/www.academia-americana.org\/wpress\/wp-json\/wp\/v2\/pages\/4044"}],"wp:attachment":[{"href":"https:\/\/www.academia-americana.org\/wpress\/wp-json\/wp\/v2\/media?parent=4046"}],"curies":[{"name":"wp","href":"https:\/\/api.w.org\/{rel}","templated":true}]}}